{"id":2,"date":"2022-01-01T11:50:18","date_gmt":"2022-01-01T10:50:18","guid":{"rendered":"http:\/\/mechatronicz.eu\/domains\/mechatronicz.eu\/?page_id=2"},"modified":"2022-01-09T12:10:36","modified_gmt":"2022-01-09T11:10:36","slug":"o-mechatronicz","status":"publish","type":"page","link":"https:\/\/mechatronicz.eu\/domains\/mechatronicz.eu\/o-mechatronicz\/","title":{"rendered":"O mechatronicz"},"content":{"rendered":"<p><span style=\"color: #ff0000;\">Mechatronicz<\/span> je blog o mechatronice (jak u\u017e n\u00e1zev napov\u00edd\u00e1). Mechatronika je spojen\u00edm mechaniky, elektroniky a softwaru. Blog se bude zab\u00fdvat programov\u00e1n\u00edm, robotikou, \u0159\u00edzen\u00edm, elektronikou atd. Filosofie mechatroniky je &#8222;v\u011bd\u011bt o v\u0161em n\u011bco&#8220;. Pou\u017e\u00edv\u00e1 tak podobn\u00e9 sch\u00e9ma jako v b\u011b\u017en\u00e9m \u017eivote.<\/p>\n<p><em>zakladatel a autor je Mechatronik z Brna <a href=\"http:\/\/michalbastl.cz\">Michal Bastl<\/a><\/em><\/p>\n\n\n<p><\/p>\n","protected":false},"excerpt":{"rendered":"<p>Mechatronicz je blog o mechatronice (jak u\u017e n\u00e1zev napov\u00edd\u00e1). Mechatronika je spojen\u00edm mechaniky, elektroniky a softwaru. Blog se bude zab\u00fdvat programov\u00e1n\u00edm, robotikou, \u0159\u00edzen\u00edm, elektronikou atd. Filosofie mechatroniky je &#8222;v\u011bd\u011bt o v\u0161em n\u011bco&#8220;. Pou\u017e\u00edv\u00e1 tak podobn\u00e9 sch\u00e9ma jako v b\u011b\u017en\u00e9m \u017eivote. zakladatel a autor je Mechatronik z Brna Michal Bastl<\/p>\n","protected":false},"author":1,"featured_media":0,"parent":0,"menu_order":0,"comment_status":"closed","ping_status":"closed","template":"","meta":[],"_links":{"self":[{"href":"https:\/\/mechatronicz.eu\/domains\/mechatronicz.eu\/wp-json\/wp\/v2\/pages\/2"}],"collection":[{"href":"https:\/\/mechatronicz.eu\/domains\/mechatronicz.eu\/wp-json\/wp\/v2\/pages"}],"about":[{"href":"https:\/\/mechatronicz.eu\/domains\/mechatronicz.eu\/wp-json\/wp\/v2\/types\/page"}],"author":[{"embeddable":true,"href":"https:\/\/mechatronicz.eu\/domains\/mechatronicz.eu\/wp-json\/wp\/v2\/users\/1"}],"replies":[{"embeddable":true,"href":"https:\/\/mechatronicz.eu\/domains\/mechatronicz.eu\/wp-json\/wp\/v2\/comments?post=2"}],"version-history":[{"count":4,"href":"https:\/\/mechatronicz.eu\/domains\/mechatronicz.eu\/wp-json\/wp\/v2\/pages\/2\/revisions"}],"predecessor-version":[{"id":134,"href":"https:\/\/mechatronicz.eu\/domains\/mechatronicz.eu\/wp-json\/wp\/v2\/pages\/2\/revisions\/134"}],"wp:attachment":[{"href":"https:\/\/mechatronicz.eu\/domains\/mechatronicz.eu\/wp-json\/wp\/v2\/media?parent=2"}],"curies":[{"name":"wp","href":"https:\/\/api.w.org\/{rel}","templated":true}]}}